{"id":323,"date":"2022-08-17T19:19:08","date_gmt":"2022-08-17T19:19:08","guid":{"rendered":"https:\/\/artonaia.ch\/?page_id=323"},"modified":"2026-02-11T21:10:44","modified_gmt":"2026-02-11T21:10:44","slug":"what-was-written","status":"publish","type":"page","link":"https:\/\/artonaia.ch\/?page_id=323","title":{"rendered":"Was goht ab?"},"content":{"rendered":"<div class=\"wp-block-post-excerpt\"><p class=\"wp-block-post-excerpt__excerpt\"> <\/p><\/div>\n\n\n<div class=\"wp-block-query is-layout-flow wp-block-query-is-layout-flow\"><ul class=\"wp-block-post-template is-layout-flow wp-block-post-template-is-layout-flow\"><li class=\"wp-block-post post-828 post type-post status-publish format-standard hentry category-news\">\n<h2 class=\"wp-block-post-title\"><a href=\"https:\/\/artonaia.ch\/?p=828\" target=\"_self\" >artonaia lebt!<\/a><\/h2>\n\n\n\n<div class=\"wp-block-post-excerpt\"><p class=\"wp-block-post-excerpt__excerpt\">Nach \u00fcber einem Jahr Funkstille sind wir zur\u00fcck. Es ist viel passiert in der Zwischenzeit: Wir haben gehadert, gelitten, gek\u00e4mpft, getr\u00e4umt, gebaut und gearbeitet. Wir &hellip; <\/p><\/div>\n\n\n<hr class=\"wp-block-separator\"\/>\n\n\n<div class=\"wp-block-post-date\"><time datetime=\"2026-02-11T21:50:42+00:00\">Februar 11, 2026<\/time><\/div>\n<\/li><li class=\"wp-block-post post-803 post type-post status-publish format-standard hentry category-news\">\n<h2 class=\"wp-block-post-title\"><a href=\"https:\/\/artonaia.ch\/?p=803\" target=\"_self\" >Was ist los mit artonaia?<\/a><\/h2>\n\n\n\n<div class=\"wp-block-post-excerpt\"><p class=\"wp-block-post-excerpt__excerpt\">Es ist still geworden um die Jungrocker aus Chur und Haldenstein! Aber es gibt sie noch. Sie bauen um, erfinden sich neu, wissen nicht genau, &hellip; <\/p><\/div>\n\n\n<hr class=\"wp-block-separator\"\/>\n\n\n<div class=\"wp-block-post-date\"><time datetime=\"2025-03-24T20:53:29+00:00\">M\u00e4rz 24, 2025<\/time><\/div>\n<\/li><li class=\"wp-block-post post-785 post type-post status-publish format-standard hentry category-news\">\n<h2 class=\"wp-block-post-title\"><a href=\"https:\/\/artonaia.ch\/?p=785\" target=\"_self\" >Wetterkapriolen<\/a><\/h2>\n\n\n\n<div class=\"wp-block-post-excerpt\"><p class=\"wp-block-post-excerpt__excerpt\">Spezielle Musik verlangt eine spezielle H\u00f6rerschaft. Und diese ist d\u00fcnn ges\u00e4t. Beim 50-Jahr-Jubil\u00e4um der Oberen Au Chur zog es bei regnerischen 15 Grad nur die &hellip; <\/p><\/div>\n\n\n<hr class=\"wp-block-separator\"\/>\n\n\n<div class=\"wp-block-post-date\"><time datetime=\"2024-09-14T17:21:33+00:00\">September 14, 2024<\/time><\/div>\n<\/li><\/ul><\/div>\n\n\n<ul class=\"wp-block-latest-posts__list wp-block-latest-posts\"><li><a class=\"wp-block-latest-posts__post-title\" href=\"https:\/\/artonaia.ch\/?p=828\">artonaia lebt!<\/a><\/li>\n<li><a class=\"wp-block-latest-posts__post-title\" href=\"https:\/\/artonaia.ch\/?p=803\">Was ist los mit artonaia?<\/a><\/li>\n<li><a class=\"wp-block-latest-posts__post-title\" href=\"https:\/\/artonaia.ch\/?p=785\">Wetterkapriolen<\/a><\/li>\n<li><a class=\"wp-block-latest-posts__post-title\" href=\"https:\/\/artonaia.ch\/?p=757\">Medienmitteilung, 21.06.2024<\/a><\/li>\n<li><a class=\"wp-block-latest-posts__post-title\" href=\"https:\/\/artonaia.ch\/?p=751\">Landung auf Spotify<\/a><\/li>\n<li><a class=\"wp-block-latest-posts__post-title\" href=\"https:\/\/artonaia.ch\/?p=708\">artonaia on air<\/a><\/li>\n<li><a class=\"wp-block-latest-posts__post-title\" href=\"https:\/\/artonaia.ch\/?p=698\">Eyes wide open<\/a><\/li>\n<li><a class=\"wp-block-latest-posts__post-title\" href=\"https:\/\/artonaia.ch\/?p=691\">Im Banne des Banners<\/a><\/li>\n<li><a class=\"wp-block-latest-posts__post-title\" href=\"https:\/\/artonaia.ch\/?p=646\">Theo, ach Theo!<\/a><\/li>\n<li><a class=\"wp-block-latest-posts__post-title\" href=\"https:\/\/artonaia.ch\/?p=614\">Bald gibt&#8217;s was zu h\u00f6ren<\/a><\/li>\n<li><a class=\"wp-block-latest-posts__post-title\" href=\"https:\/\/artonaia.ch\/?p=582\">artonaia feat. Joe First<\/a><\/li>\n<li><a class=\"wp-block-latest-posts__post-title\" href=\"https:\/\/artonaia.ch\/?p=570\">Das artonaia Action Summerteam auf grosser Fahrt<\/a><\/li>\n<li><a class=\"wp-block-latest-posts__post-title\" href=\"https:\/\/artonaia.ch\/?p=547\">Feuerwerk in The Lounge<\/a><\/li>\n<li><a class=\"wp-block-latest-posts__post-title\" href=\"https:\/\/artonaia.ch\/?p=504\">Rocken in Socken<\/a><\/li>\n<li><a class=\"wp-block-latest-posts__post-title\" href=\"https:\/\/artonaia.ch\/?p=489\">Durststrecke und B\u00fchnenhunger<\/a><\/li>\n<li><a class=\"wp-block-latest-posts__post-title\" href=\"https:\/\/artonaia.ch\/?p=477\">Auf zu neuen Kl\u00e4ngen<\/a><\/li>\n<li><a class=\"wp-block-latest-posts__post-title\" href=\"https:\/\/artonaia.ch\/?p=467\">Mundo Loco &#8211; Feliz A\u00f1o Nuevo<\/a><\/li>\n<li><a class=\"wp-block-latest-posts__post-title\" href=\"https:\/\/artonaia.ch\/?p=464\">Einmal quer durch artonaia<\/a><\/li>\n<li><a class=\"wp-block-latest-posts__post-title\" href=\"https:\/\/artonaia.ch\/?p=454\">Die Sonne scheint f\u00fcr alle<\/a><\/li>\n<li><a class=\"wp-block-latest-posts__post-title\" href=\"https:\/\/artonaia.ch\/?p=381\">Das volle Programm<\/a><\/li>\n<li><a class=\"wp-block-latest-posts__post-title\" href=\"https:\/\/artonaia.ch\/?p=364\">Was f\u00fcr ein (Churer) Fest!<\/a><\/li>\n<li><a class=\"wp-block-latest-posts__post-title\" href=\"https:\/\/artonaia.ch\/?p=308\">Getrennte Wege<\/a><\/li>\n<li><a class=\"wp-block-latest-posts__post-title\" href=\"https:\/\/artonaia.ch\/?p=286\">Out in the Green<\/a><\/li>\n<li><a class=\"wp-block-latest-posts__post-title\" href=\"https:\/\/artonaia.ch\/?p=280\">Mit Nautilus in neue Sph\u00e4ren<\/a><\/li>\n<li><a class=\"wp-block-latest-posts__post-title\" href=\"https:\/\/artonaia.ch\/?p=266\">B\u00fchnenluft in der Beerbox<\/a><\/li>\n<li><a class=\"wp-block-latest-posts__post-title\" href=\"https:\/\/artonaia.ch\/?p=251\">Let&#8217;s go out!<\/a><\/li>\n<\/ul>","protected":false},"excerpt":{"rendered":"","protected":false},"author":3,"featured_media":0,"parent":0,"menu_order":0,"comment_status":"closed","ping_status":"closed","template":"","meta":{"footnotes":""},"class_list":["post-323","page","type-page","status-publish","hentry"],"_links":{"self":[{"href":"https:\/\/artonaia.ch\/index.php?rest_route=\/wp\/v2\/pages\/323","targetHints":{"allow":["GET"]}}],"collection":[{"href":"https:\/\/artonaia.ch\/index.php?rest_route=\/wp\/v2\/pages"}],"about":[{"href":"https:\/\/artonaia.ch\/index.php?rest_route=\/wp\/v2\/types\/page"}],"author":[{"embeddable":true,"href":"https:\/\/artonaia.ch\/index.php?rest_route=\/wp\/v2\/users\/3"}],"replies":[{"embeddable":true,"href":"https:\/\/artonaia.ch\/index.php?rest_route=%2Fwp%2Fv2%2Fcomments&post=323"}],"version-history":[{"count":9,"href":"https:\/\/artonaia.ch\/index.php?rest_route=\/wp\/v2\/pages\/323\/revisions"}],"predecessor-version":[{"id":819,"href":"https:\/\/artonaia.ch\/index.php?rest_route=\/wp\/v2\/pages\/323\/revisions\/819"}],"wp:attachment":[{"href":"https:\/\/artonaia.ch\/index.php?rest_route=%2Fwp%2Fv2%2Fmedia&parent=323"}],"curies":[{"name":"wp","href":"https:\/\/api.w.org\/{rel}","templated":true}]}}